{"id":2674,"date":"2017-07-10T15:27:43","date_gmt":"2017-07-10T13:27:43","guid":{"rendered":"https:\/\/www.caseificiodinucci.it\/gli-accordi-di-qualita\/"},"modified":"2019-04-16T17:21:30","modified_gmt":"2019-04-16T15:21:30","slug":"a-quality-agreement","status":"publish","type":"page","link":"https:\/\/www.caseificiodinucci.it\/en\/a-quality-agreement\/","title":{"rendered":"A quality agreement"},"content":{"rendered":"<p>40<\/p>\n<p>default<\/p>\n<p>Sottotitolo<\/p>\n<div style=\"border-left: 4px solid #89191c; padding-left: 40px;\">\n<h5><span style=\"font-size: 18px; line-height: 26px; font-style: italic;\">A <b>quality agreement<\/b> between the Caseificio Di Nucci and the breeders guarantees a high quality product, a fair price for milk and a healthy life for the cows. .<\/span><\/h5>\n<\/div>\n<p>no-repeat;center top;;<\/p>\n<p>auto<\/p>\n<p>Desc<\/p>\n<p><img loading=\"lazy\" decoding=\"async\" class=\"alignright\" src=\"http:\/\/www.caseificiodinucci.it\/web\/wp-content\/uploads\/2017\/07\/accordo-di-qualita-caseificio-dinucci.jpg\" alt=\"Caseificio Di Nucci | Quality agreement\" width=\"800\" height=\"594\" \/>The quality of cheese depends a lot on the quality of the milk. For this reason, the Caseificio Di Nucci has established an agreement with the milk suppliers that can be summed up in this sentence: <b>the higher the quality of the milk, the higher the fee<\/b>. We believe that this policy rewards the effort and dedication of the breeders whose work ensures they deliver us pure, excellent milk.<br \/>\nSeveral factors determine the quality of milk: a brief list of these includes the wellbeing and feeding of the cows, the cleaning conditions of the cowsheds, the correct cleaning of the tools used to milk the cows and to stock the milk.<\/p>\n<p>&nbsp;<\/p>\n<h4>Animal Welfare &#8211; the cows<\/h4>\n<p>Healthy, free range cows produce healthy milk. Our milk suppliers fully respect the cow&#8217;s biological lactation cycle and let the cows range freely in constantly sanitized cowsheds.<br \/>\nThe majority of our milk suppliers are also farmers and are able to feed the animals, in the winter, with the forage they produce. In the spring, the cows are left free to range in rich pastures.<\/p>\n<h4>Hygiene and checking<\/h4>\n<p>The quality of milk is calculated according to standards, set by the Italian law, concerning proteins, fat, total bacteria count, and somatic cell count.<br \/>\nThe Caseificio Di Nucci receives this information from the dairy inspectors that carry out surprise inspections twice a month at the breeders. These inspections aim to check the health of the cows and the hygienic quality of the milk, calculated by analyzing samples of milk.<br \/>\nTo sum up, the inspections check the respect of the following parameters:<\/p>\n<ul>\n<li><strong>food security <\/strong>with reference to the hygiene of the cowsheds, the milking phase, milk storage, the microbiological quality of the milk;<\/li>\n<li><strong>traceability <\/strong>(in terms of production, storage and administration of forage, breeding conditions and animal health.<\/li>\n<\/ul>\n<p>&nbsp;<\/p>\n<h4>The result: high quality milk<\/h4>\n<p>The result of such a great effort is an excellent milk that we consciously choose not to pasteurize in order to preserve its vitamins and aroma, according to the tradition.<\/p>\n<p>no-repeat;center top;;<\/p>\n<p>auto<\/p>\n<p>0 5% 0 0<\/p>\n<p>Heading<\/p>\n<h3>Il Marchio<\/h3>\n<p>center<\/p>\n<p>no-repeat;center top;;<\/p>\n<p>auto<\/p>\n<p>0 10%<\/p>\n<p>Desc<\/p>\n<p>Il<strong> marchio del Caseificio Di Nucci<\/strong> racchiude l\u2019<strong>identit\u00e0<\/strong>\u00a0e l\u2019<strong>anima della nostra azienda.<\/strong> Per questo ci piace pensare che sia\u00a0<strong>condiviso<\/strong>, insieme ai\u00a0nostri <strong>valori<\/strong>, con tutti coloro che ogni giorno scelgono i nostri formaggi e ci sostengono nel conservare una tradizione antica, radicata nel\u00a0<strong>latte dell\u2019Alto Molise.<\/strong><\/p>\n<p>&nbsp;<\/p>\n<p>L\u2019immagine stilizzata del logo, nel quale abbiamo concentrato\u00a0il passato, il presente e il futuro del Caseificio Di Nucci, rappresenta la <strong>fotografia del 1924<\/strong> in cui i nostri <strong>antenati Luigi <\/strong>ed <strong>Enrico Di Nucci<\/strong> sono intenti ad insegnare l\u2019arte casearia come <strong>docenti del \u201cCorso per casari\u201d <\/strong><strong>nell\u2019ambito dei corsi professionali promossi all\u2019epoca dallo Stato italiano<\/strong>, in un momento storico di grande valorizzazione del sapere agricolo e artigianale.<\/p>\n<p>La nostra \u00e8\u00a0un\u2019<strong>azienda di famiglia<\/strong>\u00a0ed \u00e8 la <strong>famiglia il cuore del brand<\/strong>. Enrico e Luigi sono \u201cin giacca e cravatta\u201d, in ossequio all\u2019arrivo del fotografo \u201cufficiale\u201d da Roma, che veniva a testimoniare l\u2019attivit\u00e0 svolta. I loro sguardi seri e, nello stesso tempo, fieri nell\u2019atto della filatura, con gli strumenti tradizionali che ancora oggi usiamo e conserviamo nel nostro Museo dell\u2019Arte Casearia, sono <strong>espressione dei valori<\/strong> che clienti e visitatori da generazioni ritrovano nei nostri formaggi, quando, in qualche modo, entrano a far parte della nostra famiglia.<\/p>\n<p>Sull\u2019immagine stilizzata di Enrico e Luigi ci sono due iniziali autografe. Appartengono a\u00a0<strong>Giovanni Di Nucci, <\/strong>nonno dell\u2019attuale titolare <strong>Franco Di Nucci<\/strong>, massaro come i suoi antenati, ma\u00a0primo\u00a0della famiglia agli inizi del \u2018900 a diventare <strong>proprietario di un\u2019azienda agricola<\/strong> (i predecessori hanno tutti lavorato il latte come dipendenti).\u00a0<strong>Il primo a dar vita ad un Caseificio<\/strong>. Il nonno Giovanni rappresenta\u00a0<strong>il motore del nostro lavoro<\/strong>.<\/p>\n<p>no-repeat;center top;;<\/p>\n<p>auto<\/p>\n<p>0 5% 0 0<\/p>\n<p><img decoding=\"async\" src=\"http:\/\/www.caseificiodinucci.it\/web\/wp-content\/uploads\/2017\/06\/DI_NUCCI_color_PICC.jpg\" alt=\"\" \/><\/p>\n<p>40<\/p>\n<p>default<\/p>\n<p><img decoding=\"async\" src=\"https:\/\/www.caseificiodinucci.it\/web\/wp-content\/uploads\/2016\/10\/web-Gli-antenati-Di-Nucci-nel-1924_HR.jpg\" alt=\"web-Gli-antenati-Di-Nucci-nel-1924_HR\" \/><\/p>\n<p>center<\/p>\n<p>Desc<\/p>\n<p>Altro elemento fondamentale del marchio \u00e8 la parola \u201clatteria\u201d. Il\u00a0latte, quello vero, \u00e8\u00a0l\u2019origine del nostro lavoro, l\u2019orgoglio del nostro territorio, la nostra materia prima, la fatica e la passione degli allevatori, la salubrit\u00e0 delle vacche che pascolano nella nostra terra,\u00a0la difesa di un patrimonio di biodiversit\u00e0\u00a0unico nel suo genere.\u00a0<strong>La qualit\u00e0 e l\u2019origine del latte sono per noi la bussola<\/strong>. Il latte rende possibile quotidianamente quello che potrebbe definirsi un miracolo: la trasformazione dal liquido al solido, la capacit\u00e0 di modellare quell\u2019impasto dapprima informe, poi delicatamente fresco come una Stracciata, infine duro e saporito come un Caciocavallo.\u00a0<em>\u201cLa lattaria\u201d, \u201cR\u00f9 lattare\u201d, \u201cChir d r\u00f9 lattare\u201d<\/em> ovvero \u201cla latteria\u201d, \u201cil lattaio\u201d, \u201ci figli o gli appartenenti alla famiglia del lattaio\u201d sono i termini che ci hanno sempre contraddistinto e individuato nella comunit\u00e0 di origine (Capracotta) e di attuale appartenenza (Agnone). La difesa del latte \u00e8 e continuer\u00e0 ad essere la nostra principale attivit\u00e0.<\/p>\n<p>Nel logo \u00e8 indicato l\u2019anno 1662. \u00c8 questa la data che certifica l\u2019inizio dell\u2019attivit\u00e0 della famiglia Di Nucci nel settore del latte. Nei documenti dell\u2019albero genealogico risulta che\u00a0il nostro avo <strong>Lonardo Di Nuccio <\/strong>appartenesse alla <strong>categoria degli allevatori e dunque dei casari<\/strong>. Il 1662 diventa per noi il\u00a0<strong>punto di partenza<\/strong>, di riferimento e, non ve lo nascondiamo, di stupore. Sono\u00a0<strong>tre secoli e mezzo<\/strong>\u00a0che l\u2019arte di lavorazione del latte si tramanda di padre in figlio, <strong>dalle vacche in transumanza ai concorsi internazionali.<\/strong> Ci gira la testa al pensiero, nella gioia e nella responsabilit\u00e0 che questa data esprime ed impone.<\/p>\n<p>&nbsp;<\/p>\n<p>A chiudere la composizione grafica i\u00a0nomi dei territori di appartenenza: <strong>Agnone e l\u2019Alto Molise.<\/strong> In un\u2019epoca in cui si nega la denominazione di origine e dunque il valore al cibo nei suoi connotati primari, \u00e8 nostro compito e dovere fare in modo che\u00a0ogni grammo di prodotto porti impresso il marchio fondamentale, che \u00e8 la<strong> terra da cui ha origine<\/strong>. Una terra che ci \u00e8 ospitale, talvolta ostile nelle sue intemperie, ma madre grande e prodiga, che non ci lascer\u00e0 senza speranze. E che\u00a0<strong>vi invitiamo sempre a conoscere in tutta la sua selvaggia bellezza<\/strong>.<\/p>\n<p>&nbsp;<\/p>\n<p>Il rosso come il sangue \u00e8 <strong>appartenenza, passione<\/strong>, <strong>legame<\/strong>.<\/p>\n<p>no-repeat;center top;;<\/p>\n<p>auto<\/p>\n<p>0 5% 0 0<\/p>\n","protected":false},"excerpt":{"rendered":"<p>40 default Sottotitolo A quality agreement between the Caseificio Di Nucci and the breeders guarantees a high quality product, a fair price for milk and a<span class=\"excerpt-hellip\"> [\u2026]<\/span><\/p>\n","protected":false},"author":1,"featured_media":0,"parent":0,"menu_order":0,"comment_status":"closed","ping_status":"closed","template":"","meta":{"footnotes":""},"yoast_head":"<!-- This site is optimized with the Yoast SEO plugin v21.9.1 - https:\/\/yoast.com\/wordpress\/plugins\/seo\/ -->\n<title>The Caseificio Di Nucci quality agreement. Read and discover it!<\/title>\n<meta name=\"description\" content=\"The quality agreement of Caseificio Di Nucci and the breeders guarantees a high quality product, a fair price for milk and a healthy life for the cows\" \/>\n<meta name=\"robots\" content=\"index, follow, max-snippet:-1, max-image-preview:large, max-video-preview:-1\" \/>\n<link rel=\"canonical\" href=\"https:\/\/www.caseificiodinucci.it\/en\/a-quality-agreement\/\" \/>\n<meta property=\"og:locale\" content=\"en_US\" \/>\n<meta property=\"og:type\" content=\"article\" \/>\n<meta property=\"og:title\" content=\"The Caseificio Di Nucci quality agreement. Read and discover it!\" \/>\n<meta property=\"og:description\" content=\"The quality agreement of Caseificio Di Nucci and the breeders guarantees a high quality product, a fair price for milk and a healthy life for the cows\" \/>\n<meta property=\"og:url\" content=\"https:\/\/www.caseificiodinucci.it\/en\/a-quality-agreement\/\" \/>\n<meta property=\"og:site_name\" content=\"Caseificio Di Nucci\" \/>\n<meta property=\"article:publisher\" content=\"https:\/\/www.facebook.com\/caseificiodinucci\" \/>\n<meta property=\"article:modified_time\" content=\"2019-04-16T15:21:30+00:00\" \/>\n<meta property=\"og:image\" content=\"http:\/\/www.caseificiodinucci.it\/web\/wp-content\/uploads\/2017\/07\/accordo-di-qualita-caseificio-dinucci.jpg\" \/>\n<meta name=\"twitter:card\" content=\"summary_large_image\" \/>\n<meta name=\"twitter:label1\" content=\"Est. reading time\" \/>\n\t<meta name=\"twitter:data1\" content=\"5 minutes\" \/>\n<script type=\"application\/ld+json\" class=\"yoast-schema-graph\">{\"@context\":\"https:\/\/schema.org\",\"@graph\":[{\"@type\":\"WebPage\",\"@id\":\"https:\/\/www.caseificiodinucci.it\/en\/a-quality-agreement\/\",\"url\":\"https:\/\/www.caseificiodinucci.it\/en\/a-quality-agreement\/\",\"name\":\"The Caseificio Di Nucci quality agreement. Read and discover it!\",\"isPartOf\":{\"@id\":\"https:\/\/www.caseificiodinucci.it\/#website\"},\"datePublished\":\"2017-07-10T13:27:43+00:00\",\"dateModified\":\"2019-04-16T15:21:30+00:00\",\"description\":\"The quality agreement of Caseificio Di Nucci and the breeders guarantees a high quality product, a fair price for milk and a healthy life for the cows\",\"breadcrumb\":{\"@id\":\"https:\/\/www.caseificiodinucci.it\/en\/a-quality-agreement\/#breadcrumb\"},\"inLanguage\":\"en-US\",\"potentialAction\":[{\"@type\":\"ReadAction\",\"target\":[\"https:\/\/www.caseificiodinucci.it\/en\/a-quality-agreement\/\"]}]},{\"@type\":\"BreadcrumbList\",\"@id\":\"https:\/\/www.caseificiodinucci.it\/en\/a-quality-agreement\/#breadcrumb\",\"itemListElement\":[{\"@type\":\"ListItem\",\"position\":1,\"name\":\"Home\",\"item\":\"https:\/\/www.caseificiodinucci.it\/en\/\"},{\"@type\":\"ListItem\",\"position\":2,\"name\":\"A quality agreement\"}]},{\"@type\":\"WebSite\",\"@id\":\"https:\/\/www.caseificiodinucci.it\/#website\",\"url\":\"https:\/\/www.caseificiodinucci.it\/\",\"name\":\"Caseificio Di Nucci\",\"description\":\"Latteria dal 1662\",\"potentialAction\":[{\"@type\":\"SearchAction\",\"target\":{\"@type\":\"EntryPoint\",\"urlTemplate\":\"https:\/\/www.caseificiodinucci.it\/?s={search_term_string}\"},\"query-input\":\"required name=search_term_string\"}],\"inLanguage\":\"en-US\"}]}<\/script>\n<!-- \/ Yoast SEO plugin. -->","yoast_head_json":{"title":"The Caseificio Di Nucci quality agreement. Read and discover it!","description":"The quality agreement of Caseificio Di Nucci and the breeders guarantees a high quality product, a fair price for milk and a healthy life for the cows","robots":{"index":"index","follow":"follow","max-snippet":"max-snippet:-1","max-image-preview":"max-image-preview:large","max-video-preview":"max-video-preview:-1"},"canonical":"https:\/\/www.caseificiodinucci.it\/en\/a-quality-agreement\/","og_locale":"en_US","og_type":"article","og_title":"The Caseificio Di Nucci quality agreement. Read and discover it!","og_description":"The quality agreement of Caseificio Di Nucci and the breeders guarantees a high quality product, a fair price for milk and a healthy life for the cows","og_url":"https:\/\/www.caseificiodinucci.it\/en\/a-quality-agreement\/","og_site_name":"Caseificio Di Nucci","article_publisher":"https:\/\/www.facebook.com\/caseificiodinucci","article_modified_time":"2019-04-16T15:21:30+00:00","og_image":[{"url":"http:\/\/www.caseificiodinucci.it\/web\/wp-content\/uploads\/2017\/07\/accordo-di-qualita-caseificio-dinucci.jpg"}],"twitter_card":"summary_large_image","twitter_misc":{"Est. reading time":"5 minutes"},"schema":{"@context":"https:\/\/schema.org","@graph":[{"@type":"WebPage","@id":"https:\/\/www.caseificiodinucci.it\/en\/a-quality-agreement\/","url":"https:\/\/www.caseificiodinucci.it\/en\/a-quality-agreement\/","name":"The Caseificio Di Nucci quality agreement. Read and discover it!","isPartOf":{"@id":"https:\/\/www.caseificiodinucci.it\/#website"},"datePublished":"2017-07-10T13:27:43+00:00","dateModified":"2019-04-16T15:21:30+00:00","description":"The quality agreement of Caseificio Di Nucci and the breeders guarantees a high quality product, a fair price for milk and a healthy life for the cows","breadcrumb":{"@id":"https:\/\/www.caseificiodinucci.it\/en\/a-quality-agreement\/#breadcrumb"},"inLanguage":"en-US","potentialAction":[{"@type":"ReadAction","target":["https:\/\/www.caseificiodinucci.it\/en\/a-quality-agreement\/"]}]},{"@type":"BreadcrumbList","@id":"https:\/\/www.caseificiodinucci.it\/en\/a-quality-agreement\/#breadcrumb","itemListElement":[{"@type":"ListItem","position":1,"name":"Home","item":"https:\/\/www.caseificiodinucci.it\/en\/"},{"@type":"ListItem","position":2,"name":"A quality agreement"}]},{"@type":"WebSite","@id":"https:\/\/www.caseificiodinucci.it\/#website","url":"https:\/\/www.caseificiodinucci.it\/","name":"Caseificio Di Nucci","description":"Latteria dal 1662","potentialAction":[{"@type":"SearchAction","target":{"@type":"EntryPoint","urlTemplate":"https:\/\/www.caseificiodinucci.it\/?s={search_term_string}"},"query-input":"required name=search_term_string"}],"inLanguage":"en-US"}]}},"_links":{"self":[{"href":"https:\/\/www.caseificiodinucci.it\/en\/wp-json\/wp\/v2\/pages\/2674"}],"collection":[{"href":"https:\/\/www.caseificiodinucci.it\/en\/wp-json\/wp\/v2\/pages"}],"about":[{"href":"https:\/\/www.caseificiodinucci.it\/en\/wp-json\/wp\/v2\/types\/page"}],"author":[{"embeddable":true,"href":"https:\/\/www.caseificiodinucci.it\/en\/wp-json\/wp\/v2\/users\/1"}],"replies":[{"embeddable":true,"href":"https:\/\/www.caseificiodinucci.it\/en\/wp-json\/wp\/v2\/comments?post=2674"}],"version-history":[{"count":4,"href":"https:\/\/www.caseificiodinucci.it\/en\/wp-json\/wp\/v2\/pages\/2674\/revisions"}],"predecessor-version":[{"id":2678,"href":"https:\/\/www.caseificiodinucci.it\/en\/wp-json\/wp\/v2\/pages\/2674\/revisions\/2678"}],"wp:attachment":[{"href":"https:\/\/www.caseificiodinucci.it\/en\/wp-json\/wp\/v2\/media?parent=2674"}],"curies":[{"name":"wp","href":"https:\/\/api.w.org\/{rel}","templated":true}]}}